{"id":563,"date":"2018-09-10T16:49:01","date_gmt":"2018-09-10T14:49:01","guid":{"rendered":"https:\/\/www.groupebayard.com\/?page_id=563"},"modified":"2024-07-26T12:01:24","modified_gmt":"2024-07-26T10:01:24","slug":"btob","status":"publish","type":"page","link":"https:\/\/www.groupebayard.com\/fr\/explorer-nos-activites\/btob\/","title":{"rendered":"Services m\u00e9dia"},"content":{"rendered":"<h2 id=\"bmd\" class=\"text-info\">Bayard M\u00e9dia D\u00e9veloppement<\/h2>\n<div class=\"row mb-4\">\n<div class=\"col-md-4 pb-3\"><img decoding=\"async\" class=\"wp-image-3823 size-medium alignleft\" src=\"https:\/\/www.groupebayard.com\/wp-content\/uploads\/logoBMD-146x300.png\" alt=\"\" width=\"146\" height=\"300\" srcset=\"https:\/\/www.groupebayard.com\/wp-content\/uploads\/logoBMD-146x300.png 146w, https:\/\/www.groupebayard.com\/wp-content\/uploads\/logoBMD-73x150.png 73w, https:\/\/www.groupebayard.com\/wp-content\/uploads\/logoBMD.png 434w\" sizes=\"(max-width: 146px) 100vw, 146px\" \/><\/div>\n<div class=\"col-md-8\">\n<p class=\"texte\">Bayard M\u00e9dia D\u00e9veloppement est la filiale publicitaire du groupe Bayard depuis 10 ans. Son positionnement d\u2019entreprise de conseil int\u00e9gr\u00e9, depuis d\u00e9but 2018, engage l\u2019ensemble des \u00e9quipes au c\u00f4t\u00e9 de leurs clients et partenaires, des agences m\u00e9dia et de publicit\u00e9.Par son expertise en audience planning, en contexte planning et en planning strat\u00e9gique, Bayard M\u00e9dia D\u00e9veloppement permet de couvrir toutes les probl\u00e9matiques de communication des marques, gr\u00e2ce \u00e0 sa capacit\u00e9 \u00e0 proposer des solutions : de l\u2019op\u00e9ration cross-canal &amp; digitale \u00e0 la publicit\u00e9 classique, de la communication adress\u00e9e par la data au recrutement qualifi\u00e9, de la cr\u00e9ation de contenus \u00e0 l\u2019animation de proximit\u00e9. Bayard M\u00e9dia D\u00e9veloppement peut accompagner avec efficacit\u00e9 tous les enjeux qui s\u2019adressent aux cibles de 0 \u00e0 l\u2019infini, et plus particuli\u00e8rement aux cibles des 45 ans et plus, aux jeunes de moins de 18 ans, aux familles et aux CSP+ leaders d\u2019opinion.<\/p>\n<\/div>\n<\/div>\n<p>Au quotidien, Bayard M\u00e9dia D\u00e9veloppement conseille ses clients et partenaires sur leurs enjeux de notori\u00e9t\u00e9 et d&rsquo;attractivit\u00e9, de recrutements ainsi que sur les actions de fid\u00e9lisation et de d\u00e9veloppement aupr\u00e8s de leurs clients et prospects. Une expertise qui s&rsquo;appuie sur les qualit\u00e9s de cr\u00e9ation(s) et d\u2019\u00e9tude(s) du groupe Bayard ainsi que toutes les connaissances clients sur ses march\u00e9s jeunesse, parental, premium et 45+.<\/p>\n<h5>Contacts :<\/h5>\n<p><span class=\"text-primary\">Bayard M\u00e9dia D\u00e9veloppement<\/span><br \/>\n18 rue Barb\u00e8s &#8211; 92128 Montrouge cedex<br \/>\nT\u00e9l. 01 74 31 65 90 &#8211; Fax : 01 74 31 60 03<\/p>\n<p><span class=\"text-primary\">Directrice G\u00e9n\u00e9rale <\/span>: Sibylle Le Maire<br \/>\n<span class=\"text-primary\">Directrice G\u00e9n\u00e9rale adjointe <\/span>: Fabienne Marquet<br \/>\n<span class=\"text-primary\">Directrice marketing et datas <\/span>: Yvonne Herbin<\/p>\n<p><a href=\"https:\/\/www.bayardmediadeveloppement.com\/\">Vers le site de Bayard Media D\u00e9veloppement<\/a><\/p>\n<h2 class=\"text-info\">Bayard Service &#8211; \u00c9ditions d\u00e9l\u00e9gu\u00e9es<\/h2>\n<div class=\"row mb-4\">\n<div class=\"col-md-4 pb-3\"><img decoding=\"async\" class=\"wp-image-3823 size-medium alignleft\" src=\"https:\/\/www.groupebayard.com\/wp-content\/uploads\/Bayard-Service-Logo-2022.png\" alt=\"\" width=\"300\" height=\"500\"><\/div>\n<div class=\"col-md-8\">\nAu service des communaut\u00e9s chr\u00e9tiennes, des \u00e9tablissements \u00e9ducatifs et du monde associatif, Bayard Service, filiale de Bayard, propose \u00e0 ses clients et partenaires un accompagnement personnalis\u00e9 dans la r\u00e9alisation de leurs outils de communication : presse, \u00e9dition, web, identit\u00e9 visuelle, conseils, campagnes collectes, dons et legs. Bayard Service, c\u2019est aussi une r\u00e9gie publicitaire, permettant de financer tout ou partie de ces projets par de la publicit\u00e9 locale ou sp\u00e9cialis\u00e9e.<\/div>\n<\/div>\n<h5>Contact :<\/h5>\n<p><span class=\"text-primary\">Direction g\u00e9n\u00e9rale <\/span>: C\u00e9dric Bloquet.<\/p>\n<p><a href=\"https:\/\/www.bayard-service.com\/\">Vers le site de Bayard Service.<\/a><\/p>\n","protected":false},"excerpt":{"rendered":"<p>Bayard M\u00e9dia D\u00e9veloppement Bayard M\u00e9dia D\u00e9veloppement est la filiale publicitaire du groupe Bayard depuis 10 ans. Son positionnement d\u2019entreprise de conseil int\u00e9gr\u00e9, depuis d\u00e9but 2018, engage l\u2019ensemble des \u00e9quipes au c\u00f4t\u00e9 de leurs clients et partenaires, des agences m\u00e9dia et de publicit\u00e9.Par son expertise en audience planning, en contexte planning et en planning strat\u00e9gique, Bayard M\u00e9dia D\u00e9veloppement permet de couvrir toutes les probl\u00e9matiques de communication des marques, gr\u00e2ce \u00e0 sa capacit\u00e9 \u00e0 proposer des solutions : de l\u2019op\u00e9ration cross-canal &amp; digitale \u00e0 la publicit\u00e9 classique, de la communication adress\u00e9e par la data au recrutement qualifi\u00e9, de la cr\u00e9ation de contenus [&#8230;]<\/p>\n<p><a class=\"btn btn-secondary understrap-read-more-link\" href=\"https:\/\/www.groupebayard.com\/fr\/explorer-nos-activites\/btob\/\">Lire la suite&#8230;<\/a><\/p>\n","protected":false},"author":4,"featured_media":1748,"parent":261,"menu_order":5,"comment_status":"closed","ping_status":"closed","template":"","meta":[],"acf":[],"_links":{"self":[{"href":"https:\/\/www.groupebayard.com\/fr\/wp-json\/wp\/v2\/pages\/563"}],"collection":[{"href":"https:\/\/www.groupebayard.com\/fr\/wp-json\/wp\/v2\/pages"}],"about":[{"href":"https:\/\/www.groupebayard.com\/fr\/wp-json\/wp\/v2\/types\/page"}],"author":[{"embeddable":true,"href":"https:\/\/www.groupebayard.com\/fr\/wp-json\/wp\/v2\/users\/4"}],"replies":[{"embeddable":true,"href":"https:\/\/www.groupebayard.com\/fr\/wp-json\/wp\/v2\/comments?post=563"}],"version-history":[{"count":45,"href":"https:\/\/www.groupebayard.com\/fr\/wp-json\/wp\/v2\/pages\/563\/revisions"}],"predecessor-version":[{"id":150227,"href":"https:\/\/www.groupebayard.com\/fr\/wp-json\/wp\/v2\/pages\/563\/revisions\/150227"}],"up":[{"embeddable":true,"href":"https:\/\/www.groupebayard.com\/fr\/wp-json\/wp\/v2\/pages\/261"}],"wp:featuredmedia":[{"embeddable":true,"href":"https:\/\/www.groupebayard.com\/fr\/wp-json\/wp\/v2\/media\/1748"}],"wp:attachment":[{"href":"https:\/\/www.groupebayard.com\/fr\/wp-json\/wp\/v2\/media?parent=563"}],"curies":[{"name":"wp","href":"https:\/\/api.w.org\/{rel}","templated":true}]}}