{"id":559,"date":"2018-09-10T16:47:56","date_gmt":"2018-09-10T14:47:56","guid":{"rendered":"https:\/\/www.groupebayard.com\/?page_id=559"},"modified":"2024-07-01T11:25:19","modified_gmt":"2024-07-01T09:25:19","slug":"applications","status":"publish","type":"page","link":"https:\/\/www.groupebayard.com\/fr\/explorer-nos-activites\/applications\/","title":{"rendered":"Applications et plateformes"},"content":{"rendered":"<div class=\"row\">\n<div class=\"col-md-10 offset-md-1 text-grisL\">\n<div class=\"row mb-4\">\n<div class=\"col-md-10\">\n<p class=\"texte\">Autour des univers presse et livres du groupe Bayard gravitent plus de 200 sites, une centaine d\u2019applications et plateformes, 50 blogs, plusieurs cha\u00eenes YouTube&#8230;<\/p>\n<h2 class=\"text-info\">L&rsquo;univers num\u00e9rique de La Croix<\/h2>\n<p>L\u2019univers num\u00e9rique de <a href=\"https:\/\/www.la-croix.com\/\" target=\"_blank\" rel=\"noopener noreferrer\">La Croix<\/a>, c\u2019est un site web et une appli aux contenus enrichis pour une actualit\u00e9 mise \u00e0 jour au fil de la journ\u00e9e et mise en lumi\u00e8re avec des formats multim\u00e9dias : infographies, vid\u00e9os, podcasts&#8230; C\u2019est aussi un site et un fil d\u2019actualit\u00e9 religieuse <a href=\"https:\/\/www.la-croix.com\/Urbi-et-Orbi\" target=\"_blank\" rel=\"noopener noreferrer\">Urbi &amp; Orbi<\/a>, d\u00e9di\u00e9s \u00e0 l\u2019information religieuse de Rome, de France et du monde entier en lien avec La Documentation Catholique.<\/p>\n<p><img decoding=\"async\" class=\"img-fluid aligncenter\" src=\"\/wp-content\/uploads\/illus_activites_num_senior_religieux.png\" alt=\"\" width=\"486\" height=\"168\"><\/p>\n<h2 class=\"text-info\">L&rsquo;application Prions en \u00c9glise<\/h2>\n<p>Nouveaux contenus, nouveau design et nouvelles fonctionnalit\u00e9s : en mars 2022, l&rsquo;application <a href=\"https:\/\/www.prionseneglise.fr\/\">Prions en \u00c9glise<\/a> a fait peau neuve pour proposer diff\u00e9rentes exp\u00e9riences de pri\u00e8re personnalisables. La nouvelle application permet d\u00e9sormais de :<\/p>\n<ul>\n<li>Vivre des temps de pri\u00e8re seul(e), en groupe ou en famille ;<\/li>\n<li>Programmer des rendez-vous de pri\u00e8re selon le temps disponible ;<\/li>\n<li>Prier avec les lectures du jour, la liturgie des Heures, ou avec l&rsquo;actualit\u00e9 ;<\/li>\n<li>M\u00e9diter en silence, en musique, ou avec un podcast ;<\/li>\n<li>Rejoindre des parcours de pri\u00e8re, des retraites spirituelles et des neuvaines, pendants les temps forts de l&rsquo;ann\u00e9e liturgique.<\/li>\n<\/ul>\n<p><a href=\"https:\/\/www.prionseneglise.fr\/appli\">Pour t\u00e9l\u00e9charger l&rsquo;application.<\/a><\/p>\n<p><a href=\"https:\/\/www.prionseneglise.fr\/\">Vers le site de Prions en \u00c9glise.<\/a><\/p>\n<p><img decoding=\"async\" class=\"img-fluid aligncenter\" src=\"\/wp-content\/uploads\/La-priere-facile-pour-tous.jpg\" alt=\"\" width=\"486\" height=\"168\"><\/p>\n<\/div>\n<\/div>\n<p>&nbsp;<\/p>\n<h2 class=\"text-info\">Num\u00e9rique jeunesse<\/h2>\n<h5>Bayam, une exp\u00e9rience unique de jeux, d\u2019apprentissage et de d\u00e9couvertes<\/h5>\n<div class=\"row mb-4\">\n<div class=\"col-md-4 pb-3\"><img decoding=\"async\" class=\"img-fluid\" src=\"\/wp-content\/uploads\/2024-logo-BayaM.png\" alt=\"\"><\/div>\n<div class=\"col-md-8\">\n<p>Sans publicit\u00e9 et s\u00e9curis\u00e9, Bayam offre, encourage et accueille le meilleur de la cr\u00e9ation jeunesse. \u00c9couter, effleurer, toucher, ressentir, rire, imaginer, dessiner, faire des exp\u00e9riences, tout simplement faire, Bayam stimule l\u2019activit\u00e9 de l\u2019esprit chaque contenu est une ouverture sur le monde et une invitation \u00e0 exp\u00e9rimenter, comprendre et partager. Le studio Bayam propose aussi une collection d\u2019applications : jeux et activit\u00e9s cr\u00e9atives, apprentissage de l&rsquo;anglais&#8230; <a href=\"https:\/\/bayam.tv\/fr\/\" target=\"_blank\" rel=\"noopener noreferrer\">\u00e0 d\u00e9couvrir ici en cliquant ici<\/a><code id=\"cpw-shortcode-1\" class=\"cpw-code\"><br \/>\n<\/code><\/p>\n<\/div>\n<\/div>\n<h5>Edoki Academy, \u00e9diteur de l&rsquo;application \u00ab\u00a0La Maternelle Montessori\u00a0\u00bb<\/h5>\n<div class=\"row mb-4\">\n<div class=\"col-md-4 pb-3\"><img decoding=\"async\" class=\"img-fluid\" src=\"\/wp-content\/uploads\/edoki.jpg\" alt=\"\"><\/div>\n<div class=\"col-md-8\">\n<p>En 2021, Bayard a acquis Edoki Academy, leader fran\u00e7ais dans l\u2019\u00e9dition de solutions ludo-\u00e9ducatives destin\u00e9es aux 3-10 ans. Fond\u00e9e en 2015 par Emmanuel Guyot, Sylvain Lumbroso et Val\u00e9rie Touze, Edoki Academy \u00e9dite notamment l\u2019application \u00ab La Maternelle Montessori \u00bb, qui enregistre plus de 10 millions de t\u00e9l\u00e9chargements dans le monde.<\/p>\n<p>Expert dans la cr\u00e9ation de contenus ludo-\u00e9ducatifs, fortement pr\u00e9sent \u00e0 l\u2019international (avec des contenus en 8 langues), Edoki Academy affiche un portefeuille de plus de 30 applications multi-prim\u00e9es qui ont g\u00e9n\u00e9r\u00e9 pr\u00e8s de 20 millions de t\u00e9l\u00e9chargements cumul\u00e9s, et compte plus de 120 000 abonn\u00e9s.<\/p>\n<p><a href=\"https:\/\/montessori.edokiacademy.com\/fr\/?utm_medium=cpc&amp;utm_source=google&amp;utm_campaign=fullprice&amp;gclid=CjwKCAiAjPyfBhBMEiwAB2CCIsznEKuj-oe_YrhcNHampzTYl0VyvchfCpyypQIrJfVdvASd3TZpPhoCjEcQAvD_BwE\">Vers le site d&rsquo;EDOKI ACADEMY.<\/a><\/p>\n<p><code id=\"cpw-shortcode-1\" class=\"cpw-code\"><br \/>\n<\/code><\/p>\n<\/div>\n<\/div>\n<\/div>\n<\/div>\n","protected":false},"excerpt":{"rendered":"<p>Autour des univers presse et livres du groupe Bayard gravitent plus de 200 sites, une centaine d\u2019applications et plateformes, 50 blogs, plusieurs cha\u00eenes YouTube&#8230; L&rsquo;univers num\u00e9rique de La Croix L\u2019univers num\u00e9rique de La Croix, c\u2019est un site web et une appli aux contenus enrichis pour une actualit\u00e9 mise \u00e0 jour au fil de la journ\u00e9e et mise en lumi\u00e8re avec des formats multim\u00e9dias : infographies, vid\u00e9os, podcasts&#8230; C\u2019est aussi un site et un fil d\u2019actualit\u00e9 religieuse Urbi &amp; Orbi, d\u00e9di\u00e9s \u00e0 l\u2019information religieuse de Rome, de France et du monde entier en lien avec La Documentation Catholique. L&rsquo;application Prions en [&#8230;]<\/p>\n<p><a class=\"btn btn-secondary understrap-read-more-link\" href=\"https:\/\/www.groupebayard.com\/fr\/explorer-nos-activites\/applications\/\">Lire la suite&#8230;<\/a><\/p>\n","protected":false},"author":4,"featured_media":2033,"parent":261,"menu_order":3,"comment_status":"closed","ping_status":"closed","template":"","meta":[],"acf":[],"_links":{"self":[{"href":"https:\/\/www.groupebayard.com\/fr\/wp-json\/wp\/v2\/pages\/559"}],"collection":[{"href":"https:\/\/www.groupebayard.com\/fr\/wp-json\/wp\/v2\/pages"}],"about":[{"href":"https:\/\/www.groupebayard.com\/fr\/wp-json\/wp\/v2\/types\/page"}],"author":[{"embeddable":true,"href":"https:\/\/www.groupebayard.com\/fr\/wp-json\/wp\/v2\/users\/4"}],"replies":[{"embeddable":true,"href":"https:\/\/www.groupebayard.com\/fr\/wp-json\/wp\/v2\/comments?post=559"}],"version-history":[{"count":38,"href":"https:\/\/www.groupebayard.com\/fr\/wp-json\/wp\/v2\/pages\/559\/revisions"}],"predecessor-version":[{"id":150025,"href":"https:\/\/www.groupebayard.com\/fr\/wp-json\/wp\/v2\/pages\/559\/revisions\/150025"}],"up":[{"embeddable":true,"href":"https:\/\/www.groupebayard.com\/fr\/wp-json\/wp\/v2\/pages\/261"}],"wp:featuredmedia":[{"embeddable":true,"href":"https:\/\/www.groupebayard.com\/fr\/wp-json\/wp\/v2\/media\/2033"}],"wp:attachment":[{"href":"https:\/\/www.groupebayard.com\/fr\/wp-json\/wp\/v2\/media?parent=559"}],"curies":[{"name":"wp","href":"https:\/\/api.w.org\/{rel}","templated":true}]}}