{"id":557,"date":"2018-09-10T16:47:35","date_gmt":"2018-09-10T14:47:35","guid":{"rendered":"https:\/\/www.groupebayard.com\/?page_id=557"},"modified":"2024-07-25T17:48:54","modified_gmt":"2024-07-25T15:48:54","slug":"edition","status":"publish","type":"page","link":"https:\/\/www.groupebayard.com\/fr\/explorer-nos-activites\/edition\/","title":{"rendered":"\u00c9dition"},"content":{"rendered":"<ul class=\"sous-menu-top\">\n<li><a href=\"#livre\">Livre<\/a><\/li>\n<li><a href=\"#livre-jeunesse\">Livre Jeunesse<\/a><\/li>\n<li><a href=\"#livre-international\">International<\/a><\/li>\n<\/ul>\n<div class=\"row\">\n<div class=\"col-md-10 offset-md-1 text-grisL\">\n<p class=\"texte\"><!-- livre --><\/p>\n<div id=\"livre\" class=\"titre-article mb-2\">\n<h2 class=\"text-info\">Livre<\/h2>\n<\/div>\n<h5>Bayard \u00c9ditions : culture, soci\u00e9t\u00e9 et spiritualit\u00e9<\/h5>\n<p><div class=\"titre-article py-0 my-0\"><h6 class=\"text-info py-0 my-0\">Bayard R\u00e9cits<\/h6><\/div><span class=\"text-primary\">Bayard R\u00e9cits<\/span> est n\u00e9 du d\u00e9sir d\u2019associer la passion d\u2019informer et de transmettre des histoires. Dans <span class=\"text-primary\">Bayard R\u00e9cits<\/span>, des autrices et des auteurs de talent mettent en r\u00e9cit le r\u00e9el en portant un regard singulier sur la soci\u00e9t\u00e9. Cette nouvelle collection s\u2019inscrit dans le genre de la \u00ab narrative non fiction \u00bb, au croisement entre le journalisme et la litt\u00e9rature, le document et le roman.<\/p>\n<p>Les trois premiers titres publi\u00e9s en avril 2023 sont \u00e9crits par des journalistes et romanciers qui emm\u00e8nent les lecteurs dans des univers fascinants, de la police fran\u00e7aise \u00e0 la ville cosmopolite de Beyrouth, en passant par les chemins de l\u2019exil depuis l\u2019Iran.<\/p>\n<p><div class=\"titre-article py-0 my-0\"><h6 class=\"text-info py-0 my-0\">Bayard Graphic&rsquo;<\/h6><\/div>Cette collection a pour but de <span class=\"has-inline-color\">mettre \u00e0 l\u2019honneur les romans graphiques pour un lectorat adulte \u00e0 la fois curieux du monde et sensible aux \u00e9critures dessin\u00e9es<\/span>, qu\u2019elles soient journalistiques ou plus litt\u00e9raires.<\/p>\n<p>Avec ses deux premiers titres publi\u00e9s en<span class=\"has-inline-color\"> mars 2023<\/span>, <span class=\"text-primary\">Bayard Graphic\u2019<\/span> met la lumi\u00e8re sur les figures f\u00e9minines embl\u00e9matiques de l\u2019art et de la musique pop. Leurs autrices sont des journalistes et des illustratrices qui savent \u00ab \u00e9crire le r\u00e9el \u00bb et le mettre en sc\u00e8ne avec justesse, po\u00e9sie et sensibilit\u00e9.<\/p>\n<p><div class=\"titre-article py-0 my-0\"><h6 class=\"text-info py-0 my-0\">Litt\u00e9rature int\u00e9rieure<\/h6><\/div>La collection <span class=\"text-primary\">Litt\u00e9rature int\u00e9rieure<em><\/span><\/em> a pour ambition de proposer des textes qui explorent une question cruciale (moment de vie, situation particuli\u00e8re, croyance, exp\u00e9rience, obsessions, etc.) qui \u00ab pr\u00e9occupe ultimement \u00bb son auteur ou autrice, sans pour autant passer par un essai th\u00e9orique. L\u2019id\u00e9e est en effet de privil\u00e9gier un r\u00e9cit <em>litt\u00e9raire <\/em>\u00e0 la premi\u00e8re personne qui rapporte une exp\u00e9rience v\u00e9cue \u00e0 un \u00e9v\u00e9nement concret, \u00e0 une prise de conscience particuli\u00e8re, ou plus simplement \u00e0 un cheminement existentiel, spirituel, personnel.<\/p>\n<p>Ce qu\u2019on nomme \u00ab&nbsp;litt\u00e9rature int\u00e9rieure \u00bb se concentre donc sur les grands (ou moins grands) moments de l\u2019existence humaine qu\u2019il s\u2019agit d\u2019approcher, d\u2019effleurer, de rendre en mots pour tenter de mieux les cerner, d\u2019en garder trace, d\u2019y puiser, de s\u2019en nourrir.<\/p>\n<p>Les deux premi\u00e8res publications verront le jour en octobre 2023.<\/p>\n<p><a href=\"https:\/\/leblog.bayard-editions.com\/\">Consulter le site de Bayard \u00c9ditions.<\/a><\/p>\n<h5>\u00c9ditions CRER-Bayard (\u00c9veil \u00e0 la foi, cat\u00e9ch\u00e8se, culture religieuse)<\/h5>\n<p>\u00c9veil \u00e0 la foi, cat\u00e9ch\u00e8se, culture religieuse, r\u00e9flexion, formation et approfondissement : les \u00c9ditions CRER-Bayard offrent au plus grand nombre les meilleurs ouvrages d\u2019annonce et d\u2019approfondissement de la foi \u00e0 tous les \u00e2ges de la vie, en travaillant en lien \u00e9troit avec les acteurs engag\u00e9s en paroisses, en \u00e9coles et en dioc\u00e8ses.<\/p>\n<p><a href=\"https:\/\/editions.crer-bayard.fr\/\" target=\"_blank\" rel=\"noopener noreferrer\">Vers le site des \u00c9ditions CRER-Bayard.<\/a><\/p>\n<\/div>\n<\/div>\n<div class=\"carousel-slide position-relative d-flex align-items-stretch justify-content-end\" style=\"background: url('\/wp-content\/uploads\/bg-slide.png') top right no-repeat;\">\n<div class=\"row py-3\">\n<div id=\"magazines-slide-carousel\" class=\"carousel slide col-12 \" data-ride=\"carousel\">\n<div class=\"carousel-inner py-1 card-img-overlay\">\n<div class=\"carousel-item active\">\n<div class=\"row no-gutters d-flex align-items-end\">\n<div class=\"col px-1\"><img decoding=\"async\" class=\"img-fluid\" src=\"\/wp-content\/uploads\/01-livre-bible-recits-fondateurs.png\" alt=\"1 slide\"><\/div>\n<div class=\"col px-1\"><img decoding=\"async\" class=\"img-fluid\" src=\"\/wp-content\/uploads\/02-livre-vertus-de-limperfection.png\" alt=\"2 slide\"><\/div>\n<div class=\"col px-1\"><img decoding=\"async\" class=\"img-fluid\" src=\"\/wp-content\/uploads\/03-01-livre-jesus.png\" alt=\"2 slide\"><\/div>\n<div class=\"col px-1\"><img decoding=\"async\" class=\"img-fluid\" src=\"\/wp-content\/uploads\/04-livre-mes-etoiles.png\" alt=\"3 slide\"><\/div>\n<div class=\"col px-1\"><img decoding=\"async\" class=\"img-fluid\" src=\"\/wp-content\/uploads\/07-livre-histoire-origine-christianisme.png\" alt=\"1 slide\"><\/div>\n<div class=\"col px-1\"><img decoding=\"async\" class=\"img-fluid\" src=\"\/wp-content\/uploads\/06-livre-le-christ-selon-berlioz.png\" alt=\"1 slide\"><\/div>\n<\/div>\n<\/div>\n<div class=\"carousel-item \">\n<div class=\"row no-gutters d-flex align-items-end\">\n<div class=\"col px-1\"><img decoding=\"async\" class=\"img-fluid\" src=\"\/wp-content\/uploads\/08-livre-noublions-pas-tibhirine.png\" alt=\"1 slide\"><\/div>\n<div class=\"col px-1\"><img decoding=\"async\" class=\"img-fluid\" src=\"\/wp-content\/uploads\/09-livre-notre-pere.png\" alt=\"1 slide\"><\/div>\n<div class=\"col px-1\"><img decoding=\"async\" class=\"img-fluid\" src=\"\/wp-content\/uploads\/10-livre-missel.png\" alt=\"2 slide\"><\/div>\n<div class=\"col px-1\"><img decoding=\"async\" class=\"img-fluid\" src=\"\/wp-content\/uploads\/19-filoteo.png\" alt=\"3 slide\"><\/div>\n<div class=\"col px-1\"><img decoding=\"async\" class=\"img-fluid\" src=\"\/wp-content\/uploads\/02-presse-croire.png\" alt=\"2 slide\"><\/div>\n<\/div>\n<\/div>\n<\/div>\n<\/div>\n<\/div>\n<div id=\"controle-magazines-slide\" class=\"bg-info px-auto controle-slide\">\n<p><span class=\"sr-only\">Pr\u00e9c\u00e9dent<\/span><br \/>\n<span class=\"sr-only\">Suite<\/span><\/p>\n<\/div>\n<\/div>\n<p><!-- livre jeunesse --><\/p>\n<div class=\"row\">\n<div class=\"col-md-10 offset-md-1 text-grisL\">\n<div id=\"livre-jeunesse\" class=\"titre-article mb-2\">\n<h2 class=\"text-info\">Livre Jeunesse<\/h2>\n<\/div>\n<h5>Bayard Jeunesse<\/h5>\n<div class=\"row mb-4\">\n<div class=\"col-md-4 pb-3\"><img decoding=\"async\" class=\"img-fluid\" src=\"\/wp-content\/uploads\/2024-logo-Bayard-jeunesse.png\" alt=\"Logo Bayard Jeunesse\" width=\"139\" height=\"215\"><\/div>\n<div class=\"col-md-8\">\n<p>Chaque ann\u00e9e, Bayard Jeunesse publie plus de 400 nouveaut\u00e9s dans le secteur de la jeunesse : albums, petite enfance, documentaires, fiction et litt\u00e9rature, bandes dessin\u00e9es. La diversit\u00e9 du catalogue, de ses collections et succ\u00e8s historiques (Petit Ours Brun, J\u2019aime lire, Tom-Tom et Nana, Chair de poule, La cabane magique, L\u2019H\u00e9ritage, Miss Peregrine, Le Manoir, les feuilletons de la mythologie, etc.) illustrent l\u2019engagement de Bayard en faveur de la lecture et son attachement pour rester accessible \u00e0 tous les publics, en publiant sur papier ou num\u00e9rique le meilleur de la litt\u00e9rature de jeunesse. Bayard \u00c9ditions r\u00e9alise \u00e9galement le <a href=\"https:\/\/www.groupebayard.com\/fr\/explorer-nos-activites\/audio\/#podcasts\">podcast <\/a><em>Histoires de jeunesse<\/em>, \u00e0 retrouver le premier jeudi de chaque mois.<\/p>\n<p><a href=\"https:\/\/leblogjeunesse.bayard-editions.com\/\" target=\"_blank\" rel=\"noopener noreferrer\">Vers le site de Bayard \u00c9ditions Jeunesse.<\/a><\/p>\n<\/div>\n<\/div>\n<h6>Les \u00e9ditions Tourbillon<\/h6>\n<div class=\"row mb-4\">\n<div class=\"col-md-4 pb-3\"><img decoding=\"async\" class=\"img-fluid\" src=\"\/wp-content\/uploads\/logo-tourbillon-edition.png\" alt=\"\" width=\"138\" height=\"214\"><\/div>\n<div class=\"col-md-8\">\n<p>Cr\u00e9\u00e9es en 2002, acquises par le groupe en 2017, les \u00e9ditions Tourbillon compl\u00e8tent le catalogue de Bayard sur le terrain des tout-petits, de l\u2019\u00e9veil documentaire et de l\u2019humour, privil\u00e9giant les livres complices, o\u00f9 l\u2019enfant est souvent l\u2019acteur de ses th\u00e8mes passion. La po\u00e9sie, la fantaisie, l\u2019imaginaire et l\u2019\u00e9veil du sens esth\u00e9tique font aussi partie de ses credo. Du livre-objet en tissu pour les tout-petits \u00e0 la bande dessin\u00e9e pour les plus grands, Tourbillon a fait le choix de cat\u00e9gories \u00e9ditoriales claires et vari\u00e9es r\u00e9pondant aux attentes de chaque tranche d\u2019\u00e2ge.<\/p>\n<p><a href=\"https:\/\/www.editions-tourbillon.fr\/\" target=\"_blank\" rel=\"noopener noreferrer\">Vers le site des \u00e9ditions Tourbillon.<\/a><\/p>\n<\/div>\n<\/div>\n<h5>Milan<\/h5>\n<div class=\"row mb-4\">\n<div class=\"col-md-4 pb-3\"><img decoding=\"async\" class=\"img-fluid\" src=\"\/wp-content\/uploads\/2024-logo-milan.png\" alt=\"\"><\/div>\n<div class=\"col-md-8\">\n<p>Avec un catalogue d\u2019environ 300 nouveaut\u00e9s par an, ses collections embl\u00e9matiques de documentaires ou de lecture, Milan publie des livres innovants pour tous les \u00e2ges. \u00c9veil, albums, livres d\u2019apprentissage ou d\u2019activit\u00e9 : des \u00ab Contes et comptines \u00e0 toucher \u00bb \u00e0 \u00ab Copain \u00bb en passant par les \u00ab Contes et comptines \u00e0 \u00e9couter \u00bb, \u00ab Mes P\u2019tits docs \u00bb, \u00ab Mes p\u2019tits contes \u00bb, \u00ab Milan Poche Benjamin \u00bb, \u00ab Mille ans de contes \u00bb, \u00ab Les Go\u00fbters philo \u00bb, etc., Milan propose des livres pour les petits, pour les un peu plus grands mais \u00e9galement pour les adolescents, avec des romans devenus des incontournables du genre (la trilogie des Gemmes, les romans de Malorie Blackman, Jo\u00eblle Charbonneau ou Leigh Bardugo). Une pl\u00e9iade d\u2019ouvrages pour faire d\u00e9couvrir, comprendre et r\u00eaver !<\/p>\n<p><a href=\"https:\/\/www.editionsmilan.com\/\" target=\"_blank\" rel=\"noopener noreferrer\">Pour en savoir plus !<\/a><\/p>\n<\/div>\n<\/div>\n<\/div>\n<\/div>\n<div class=\"carousel-slide position-relative d-flex align-items-stretch justify-content-end\" style=\"background: url('\/wp-content\/uploads\/bg-slide.png') top right no-repeat;\">\n<div class=\"row py-3\">\n<div id=\"magazines-slide-carousel\" class=\"carousel slide col-12 \" data-ride=\"carousel\">\n<div class=\"carousel-inner py-1 card-img-overlay\">\n<div class=\"carousel-item active\">\n<div class=\"row no-gutters d-flex align-items-end\">\n<div class=\"col px-1\"><img decoding=\"async\" class=\"img-fluid\" src=\"\/wp-content\/uploads\/01-jeunesse-timeless.png\" alt=\"1 slide\"><\/div>\n<div class=\"col px-1\"><img decoding=\"async\" class=\"img-fluid\" src=\"\/wp-content\/uploads\/02-jeunesse-illumiatlas.png\" alt=\"2 slide\"><\/div>\n<div class=\"col px-1\"><img decoding=\"async\" class=\"img-fluid\" src=\"\/wp-content\/uploads\/03-jeunesse-les-formes-de-monsieur-bear.png\" alt=\"2 slide\"><\/div>\n<div class=\"col px-1\"><img decoding=\"async\" class=\"img-fluid\" src=\"\/wp-content\/uploads\/04-jeunesse-ariol.png\" alt=\"3 slide\"><\/div>\n<div class=\"col px-1\"><img decoding=\"async\" class=\"img-fluid\" src=\"\/wp-content\/uploads\/05-jeunesse-grisha.png\" alt=\"1 slide\"><\/div>\n<div class=\"col px-1\"><img decoding=\"async\" class=\"img-fluid\" src=\"\/wp-content\/uploads\/06-jeunesse-jeu-mortelle-adele.png\" alt=\"1 slide\"><\/div>\n<\/div>\n<\/div>\n<div class=\"carousel-item \">\n<div class=\"row no-gutters d-flex align-items-end\">\n<div class=\"col px-1\"><img decoding=\"async\" class=\"img-fluid\" src=\"\/wp-content\/uploads\/08-jeunesse-grisha.png\" alt=\"1 slide\"><\/div>\n<div class=\"col px-1\"><img decoding=\"async\" class=\"img-fluid\" src=\"\/wp-content\/uploads\/09-jeunesse-grisha.png\" alt=\"1 slide\"><\/div>\n<div class=\"col px-1\"><img decoding=\"async\" class=\"img-fluid\" src=\"\/wp-content\/uploads\/10-jeunesse-le-grand-livre-des-animaux-geants.png\" alt=\"2 slide\"><\/div>\n<div class=\"col px-1\"><img decoding=\"async\" class=\"img-fluid\" src=\"\/wp-content\/uploads\/11-jeunesse-le-gristiti.png\" alt=\"3 slide\"><\/div>\n<div class=\"col px-1\"><img decoding=\"async\" class=\"img-fluid\" src=\"\/wp-content\/uploads\/12-jeunesse-le-manoir.png\" alt=\"2 slide\"><\/div>\n<div class=\"col px-1\"><img decoding=\"async\" class=\"img-fluid\" src=\"\/wp-content\/uploads\/13-jeunesse-lespace.png\" alt=\"3 slide\"><\/div>\n<\/div>\n<\/div>\n<div class=\"carousel-item \">\n<div class=\"row no-gutters d-flex align-items-end\">\n<div class=\"col px-1\"><img decoding=\"async\" class=\"img-fluid\" src=\"\/wp-content\/uploads\/14-jeunesse-les-nombres-de-monsieur-bear.png\" alt=\"1 slide\"><\/div>\n<div class=\"col px-1\"><img decoding=\"async\" class=\"img-fluid\" src=\"\/wp-content\/uploads\/15-jeunesse-animaux-du-monde.png\" alt=\"1 slide\"><\/div>\n<div class=\"col px-1\"><img decoding=\"async\" class=\"img-fluid\" src=\"\/wp-content\/uploads\/16-jeunesse-jeu-pob.png\" alt=\"2 slide\"><\/div>\n<div class=\"col px-1\"><img decoding=\"async\" class=\"img-fluid\" src=\"\/wp-content\/uploads\/17-jeunesse-imagier-de-totam.png\" alt=\"3 slide\"><\/div>\n<div class=\"col px-1\"><img decoding=\"async\" class=\"img-fluid\" src=\"\/wp-content\/uploads\/04-jeunesse-ariol.png\" alt=\"2 slide\"><\/div>\n<div class=\"col px-1\"><img decoding=\"async\" class=\"img-fluid\" src=\"\/wp-content\/uploads\/13-jeunesse-lespace.png\" alt=\"3 slide\"><\/div>\n<\/div>\n<\/div>\n<\/div>\n<\/div>\n<\/div>\n<div id=\"controle-magazines-slide\" class=\"bg-info px-auto controle-slide\">\n<p><span class=\"sr-only\">Pr\u00e9c\u00e9dent<\/span><br \/>\n<span class=\"sr-only\">Suite<\/span><\/p>\n<\/div>\n<\/div>\n<p><!-- livre international --><\/p>\n<div class=\"row\">\n<div class=\"col-md-10 offset-md-1 text-grisL\">\n<div id=\"livre-international\" class=\"titre-article mb-2\">\n<h2 class=\"text-info\">International<\/h2>\n<\/div>\n<p>En Am\u00e9rique du Nord, Bayard est pr\u00e9sent sur le march\u00e9 de l\u2019\u00e9dition religieuse avec deux grandes maisons : <a href=\"http:\/\/www.novalis.ca\/\" target=\"_blank\" rel=\"noopener noreferrer\">Novalis<\/a> au Canada et <a href=\"http:\/\/www.bayardinc.com\/portfolio_page\/twenty-third-publications\/\" target=\"_blank\" rel=\"noopener noreferrer\">Twenty-third Publication<\/a> aux \u00c9tats-Unis, mais aussi sur le march\u00e9 de l\u2019\u00e9dition jeunesse au Canada sous la marque <a href=\"https:\/\/www.bayardlivres.ca\/\" target=\"_blank\" rel=\"noopener noreferrer\">Bayard Canada Livres<\/a>. Enfin, aux \u00c9tats-Unis encore, les albums de la collection Tourbillon sont publi\u00e9s sous label <a href=\"https:\/\/www.chroniclebooks.com\/titles\/lp\/twirl\" target=\"_blank\" rel=\"noopener noreferrer\">Twirl<\/a>, en partenariat avec <a href=\"https:\/\/www.chroniclebooks.com\/\" target=\"_blank\" rel=\"noopener noreferrer\">Chronicle Books<\/a>.<\/p>\n<p>Outre ses maisons d\u2019\u00e9ditions implant\u00e9es \u00e0 l&rsquo;international, Bayard a nou\u00e9 de nombreux partenariats avec des acteurs de premier plan dans le domaine du livre, avec 1,2 million d&rsquo;ouvrages imprim\u00e9s en co\u00e9ditions internationales et de nombreuses licences de presse.<\/p>\n<\/div>\n<\/div>\n<div class=\"carousel-slide position-relative d-flex align-items-stretch justify-content-end\" style=\"background: url('\/wp-content\/uploads\/bg-slide.png') top right no-repeat;\">\n<div class=\"row py-3\">\n<div id=\"magazines-slide-carousel\" class=\"carousel slide col-12 \" data-ride=\"carousel\">\n<div class=\"carousel-inner py-1 card-img-overlay\">\n<div class=\"carousel-item active\">\n<div class=\"row no-gutters d-flex align-items-end\">\n<div class=\"col px-1\"><img decoding=\"async\" class=\"img-fluid\" src=\"\/wp-content\/uploads\/edition-international-ultimate.png\" alt=\"1 slide\"><\/div>\n<div class=\"col px-1\"><img decoding=\"async\" class=\"img-fluid\" src=\"\/wp-content\/uploads\/02-edition-svetopismo.png\" alt=\"2 slide\"><\/div>\n<div class=\"col px-1\"><img decoding=\"async\" class=\"img-fluid\" src=\"\/wp-content\/uploads\/edition-international.png\" alt=\"2 slide\"><\/div>\n<div class=\"col px-1\"><img decoding=\"async\" class=\"img-fluid\" src=\"\/wp-content\/uploads\/04-edition-doc-a-toucher-japon.png\" alt=\"3 slide\"><\/div>\n<div class=\"col px-1\"><img decoding=\"async\" class=\"img-fluid\" src=\"\/wp-content\/uploads\/05-edition-bathtime.png\" alt=\"1 slide\"><\/div>\n<div class=\"col px-1\"><img decoding=\"async\" class=\"img-fluid\" src=\"\/wp-content\/uploads\/06-edition-alfabeta.png\" alt=\"1 slide\"><\/div>\n<\/div>\n<\/div>\n<\/div>\n<\/div>\n<\/div>\n<div id=\"controle-magazines-slide\" class=\"bg-info px-auto controle-slide\">\n<p><span class=\"sr-only\">Pr\u00e9c\u00e9dent<\/span><br \/>\n<span class=\"sr-only\">Suite<\/span><\/p>\n<\/div>\n<\/div>\n<div class=\"row\">\n<div class=\"col-md-10 offset-md-1 text-grisL\">\n<h2 class=\"text-info\">Ventes de droits (presse et \u00e9dition)<\/h2>\n<p>Outre ses maisons d\u2019\u00e9ditions implant\u00e9es aux \u00c9tats-Unis, au Canada et son label nord-am\u00e9ricain <a href=\"https:\/\/www.chroniclebooks.com\/titles\/lp\/twirl\" target=\"_blank\" rel=\"noopener noreferrer\">Twirl<\/a>, Bayard propose ses diff\u00e9rents catalogues \u00e0 la traduction, dans pr\u00e8s de 50 pays et plus de 50 langues. Nous sommes pr\u00e9sents dans les foires internationales du livre comme celles de Francfort, de Bologne ou encore de Shanghai. Avec plus de 1,2 million de livres imprim\u00e9s en co\u00e9dition, Bayard a nou\u00e9 de nombreux partenariats dans diff\u00e9rents pays, que ce soit dans le domaine du livre, de la presse ou du num\u00e9rique.<\/p>\n<p>Nos principaux partenaires : Chronicle Books (\u00c9tats-Unis), Planeta (Espagne), Panini (Italie), Woongjin (Cor\u00e9e), WPG (Belgique), Editorial Casals (Espagne), Il castello (Italie), Ediciones SM (Espagne), Shogakukan (Japon), AST (Russie)\u2026<\/p>\n<h5>Contact :<\/h5>\n<p><span class=\"text-primary\">Foreign Rights \/ Droits internationaux<\/span><br \/>\nGroupe Bayard &#8211; Paris Office<br \/>\n18 rue Barb\u00e8s &#8211; 92128 Montrouge Cedex &#8211; France<br \/>\n+ 33 1 74 31 59 19<br \/>\nTous les contacts : <a href=\"https:\/\/bayard-rights.com\/contact-us\" target=\"_blank\" rel=\"noopener noreferrer\">https:\/\/bayard-rights.com\/contact-us<\/a><br \/>\n<a href=\"https:\/\/bayard-rights.com\/\" target=\"_blank\" rel=\"noopener noreferrer\">Vers le site Bayard Foreign rights<\/a><\/p>\n<\/div>\n<\/div>\n<p><!-- Fin Edition --><\/p>\n","protected":false},"excerpt":{"rendered":"<p>Livre Livre Jeunesse International Livre Bayard \u00c9ditions : culture, soci\u00e9t\u00e9 et spiritualit\u00e9 est n\u00e9 du d\u00e9sir d\u2019associer la passion d\u2019informer et de transmettre des histoires. Dans , des autrices et des auteurs de talent mettent en r\u00e9cit le r\u00e9el en portant un regard singulier sur la soci\u00e9t\u00e9. Cette nouvelle collection s\u2019inscrit dans le genre de la \u00ab narrative non fiction \u00bb, au croisement entre le journalisme et la litt\u00e9rature, le document et le roman. Les trois premiers titres publi\u00e9s en avril 2023 sont \u00e9crits par des journalistes et romanciers qui emm\u00e8nent les lecteurs dans des univers fascinants, de la police [&#8230;]<\/p>\n<p><a class=\"btn btn-secondary understrap-read-more-link\" href=\"https:\/\/www.groupebayard.com\/fr\/explorer-nos-activites\/edition\/\">Lire la suite&#8230;<\/a><\/p>\n","protected":false},"author":4,"featured_media":2113,"parent":261,"menu_order":2,"comment_status":"closed","ping_status":"closed","template":"","meta":[],"acf":[],"_links":{"self":[{"href":"https:\/\/www.groupebayard.com\/fr\/wp-json\/wp\/v2\/pages\/557"}],"collection":[{"href":"https:\/\/www.groupebayard.com\/fr\/wp-json\/wp\/v2\/pages"}],"about":[{"href":"https:\/\/www.groupebayard.com\/fr\/wp-json\/wp\/v2\/types\/page"}],"author":[{"embeddable":true,"href":"https:\/\/www.groupebayard.com\/fr\/wp-json\/wp\/v2\/users\/4"}],"replies":[{"embeddable":true,"href":"https:\/\/www.groupebayard.com\/fr\/wp-json\/wp\/v2\/comments?post=557"}],"version-history":[{"count":66,"href":"https:\/\/www.groupebayard.com\/fr\/wp-json\/wp\/v2\/pages\/557\/revisions"}],"predecessor-version":[{"id":150210,"href":"https:\/\/www.groupebayard.com\/fr\/wp-json\/wp\/v2\/pages\/557\/revisions\/150210"}],"up":[{"embeddable":true,"href":"https:\/\/www.groupebayard.com\/fr\/wp-json\/wp\/v2\/pages\/261"}],"wp:featuredmedia":[{"embeddable":true,"href":"https:\/\/www.groupebayard.com\/fr\/wp-json\/wp\/v2\/media\/2113"}],"wp:attachment":[{"href":"https:\/\/www.groupebayard.com\/fr\/wp-json\/wp\/v2\/media?parent=557"}],"curies":[{"name":"wp","href":"https:\/\/api.w.org\/{rel}","templated":true}]}}