{"id":3000,"date":"2019-11-26T17:31:01","date_gmt":"2019-11-26T16:31:01","guid":{"rendered":"https:\/\/www.groupebayard.com\/?page_id=3000"},"modified":"2019-11-26T17:46:59","modified_gmt":"2019-11-26T16:46:59","slug":"candidature-spontanee","status":"publish","type":"page","link":"https:\/\/www.groupebayard.com\/fr\/candidature-spontanee\/","title":{"rendered":"Candidature spontan\u00e9e"},"content":{"rendered":"<script type=\"text\/javascript\">var gform;gform||(document.addEventListener(\"gform_main_scripts_loaded\",function(){gform.scriptsLoaded=!0}),window.addEventListener(\"DOMContentLoaded\",function(){gform.domLoaded=!0}),gform={domLoaded:!1,scriptsLoaded:!1,initializeOnLoaded:function(o){gform.domLoaded&&gform.scriptsLoaded?o():!gform.domLoaded&&gform.scriptsLoaded?window.addEventListener(\"DOMContentLoaded\",o):document.addEventListener(\"gform_main_scripts_loaded\",o)},hooks:{action:{},filter:{}},addAction:function(o,n,r,t){gform.addHook(\"action\",o,n,r,t)},addFilter:function(o,n,r,t){gform.addHook(\"filter\",o,n,r,t)},doAction:function(o){gform.doHook(\"action\",o,arguments)},applyFilters:function(o){return gform.doHook(\"filter\",o,arguments)},removeAction:function(o,n){gform.removeHook(\"action\",o,n)},removeFilter:function(o,n,r){gform.removeHook(\"filter\",o,n,r)},addHook:function(o,n,r,t,i){null==gform.hooks[o][n]&&(gform.hooks[o][n]=[]);var e=gform.hooks[o][n];null==i&&(i=n+\"_\"+e.length),gform.hooks[o][n].push({tag:i,callable:r,priority:t=null==t?10:t})},doHook:function(n,o,r){var t;if(r=Array.prototype.slice.call(r,1),null!=gform.hooks[n][o]&&((o=gform.hooks[n][o]).sort(function(o,n){return o.priority-n.priority}),o.forEach(function(o){\"function\"!=typeof(t=o.callable)&&(t=window[t]),\"action\"==n?t.apply(null,r):r[0]=t.apply(null,r)})),\"filter\"==n)return r[0]},removeHook:function(o,n,t,i){var r;null!=gform.hooks[o][n]&&(r=(r=gform.hooks[o][n]).filter(function(o,n,r){return!!(null!=i&&i!=o.tag||null!=t&&t!=o.priority)}),gform.hooks[o][n]=r)}});<\/script>\n                <div class='gf_browser_gecko gform_wrapper gform_legacy_markup_wrapper' id='gform_wrapper_3' >\n                        <div class='gform_heading'>\n                            <h3 class=\"gform_title\">Candidature spontan\u00e9e<\/h3>\n                            <span class='gform_description'>Formulaire de candidature spontan\u00e9e<\/span>\n                        <\/div><form method='post' enctype='multipart\/form-data'  id='gform_3'  action='\/fr\/wp-json\/wp\/v2\/pages\/3000' novalidate>\n                        <div class='gform_body gform-body'><ul id='gform_fields_3' class='gform_fields top_label form_sublabel_below description_below'><li id=\"field_3_1\"  class=\"gfield gfield_contains_required field_sublabel_below field_description_below gfield_visibility_visible\"  data-js-reload=\"field_3_1\"><label class='gfield_label' for='input_3_1' >Nom<span class=\"gfield_required\"><span class=\"gfield_required gfield_required_asterisk\">*<\/span><\/span><\/label><div class='ginput_container ginput_container_text'><input name='input_1' id='input_3_1' type='text' value='' class='medium'     aria-required=\"true\" aria-invalid=\"false\"   \/> <\/div><\/li><li id=\"field_3_2\"  class=\"gfield gfield_contains_required field_sublabel_below field_description_below gfield_visibility_visible\"  data-js-reload=\"field_3_2\"><label class='gfield_label' for='input_3_2' >Pr\u00e9nom<span class=\"gfield_required\"><span class=\"gfield_required gfield_required_asterisk\">*<\/span><\/span><\/label><div class='ginput_container ginput_container_text'><input name='input_2' id='input_3_2' type='text' value='' class='medium'     aria-required=\"true\" aria-invalid=\"false\"   \/> <\/div><\/li><li id=\"field_3_4\"  class=\"gfield gfield_contains_required field_sublabel_below field_description_below gfield_visibility_visible\"  data-js-reload=\"field_3_4\"><label class='gfield_label' for='input_3_4' >T\u00e9l\u00e9phone<span class=\"gfield_required\"><span class=\"gfield_required gfield_required_asterisk\">*<\/span><\/span><\/label><div class='ginput_container ginput_container_phone'><input name='input_4' id='input_3_4' type='tel' value='' class='medium'   aria-required=\"true\" aria-invalid=\"false\"   \/><\/div><\/li><li id=\"field_3_9\"  class=\"gfield gfield_contains_required field_sublabel_below field_description_below gfield_visibility_visible\"  data-js-reload=\"field_3_9\"><label class='gfield_label' for='input_3_9' >Fili\u00e8re<span class=\"gfield_required\"><span class=\"gfield_required gfield_required_asterisk\">*<\/span><\/span><\/label><div class='ginput_container ginput_container_select'><select name='input_9' id='input_3_9' class='medium gfield_select'    aria-required=\"true\" aria-invalid=\"false\" ><option value='Achats' >Achats<\/option><option value='Centres d&#039;appel' >Centres d&#039;appel<\/option><option value='Commercial, vente' >Commercial, vente<\/option><option value='Communication' >Communication<\/option><option value='Comptabilit\u00e9' >Comptabilit\u00e9<\/option><option value='Documentation' >Documentation<\/option><option value='Edition' >Edition<\/option><option value='Fabrication' >Fabrication<\/option><option value='Finance, gestion, audit' >Finance, gestion, audit<\/option><option value='Graphisme, infographie, maquette' >Graphisme, infographie, maquette<\/option><option value='Syst\u00e8mes d&#039;information' >Syst\u00e8mes d&#039;information<\/option><option value='Journalisme' >Journalisme<\/option><option value='Juridique' >Juridique<\/option><option value='Marketing' >Marketing<\/option><option value='Publicit\u00e9' >Publicit\u00e9<\/option><option value='Secr\u00e9tariat, assistanat' >Secr\u00e9tariat, assistanat<\/option><option value='RH, formation, administration du personnel' >RH, formation, administration du personnel<\/option><option value='Services g\u00e9n\u00e9raux' >Services g\u00e9n\u00e9raux<\/option><\/select><\/div><\/li><li id=\"field_3_13\"  class=\"gfield gfield_contains_required field_sublabel_below field_description_below gfield_visibility_visible\"  data-js-reload=\"field_3_13\"><label class='gfield_label' for='input_3_13' >Type de contrat<span class=\"gfield_required\"><span class=\"gfield_required gfield_required_asterisk\">*<\/span><\/span><\/label><div class='ginput_container ginput_container_select'><select name='input_13' id='input_3_13' class='medium gfield_select'    aria-required=\"true\" aria-invalid=\"false\" ><option value='CDI' >CDI<\/option><option value='CDD' >CDD<\/option><option value='Alternance' >Alternance<\/option><option value='Stage' >Stage<\/option><option value='VIE' >VIE<\/option><option value='Autre' >Autre<\/option><\/select><\/div><\/li><li id=\"field_3_8\"  class=\"gfield field_sublabel_below field_description_below gfield_visibility_visible\"  data-js-reload=\"field_3_8\"><label class='gfield_label' for='input_3_8' >Type de contrat Autre<\/label><div class='ginput_container ginput_container_text'><input name='input_8' id='input_3_8' type='text' value='' class='medium'      aria-invalid=\"false\"   \/> <\/div><\/li><li id=\"field_3_5\"  class=\"gfield gfield_contains_required field_sublabel_below field_description_below gfield_visibility_visible\"  data-js-reload=\"field_3_5\"><label class='gfield_label gfield_label_before_complex'  >E-mail<span class=\"gfield_required\"><span class=\"gfield_required gfield_required_asterisk\">*<\/span><\/span><\/label><div class='ginput_complex ginput_container ginput_container_email' id='input_3_5_container'>\n                                <span id='input_3_5_1_container' class='ginput_left'>\n                                    <input class='' type='email' name='input_5' id='input_3_5' value=''    aria-required=\"true\" aria-invalid=\"false\"  \/>\n                                    <label for='input_3_5' >Saisissez un e-mail<\/label>\n                                <\/span>\n                                <span id='input_3_5_2_container' class='ginput_right'>\n                                    <input class='' type='email' name='input_5_2' id='input_3_5_2' value=''    aria-required=\"true\" aria-invalid=\"false\"  \/>\n                                    <label for='input_3_5_2' >Confirmez l\u2019e-mail<\/label>\n                                <\/span>\n                                <div class='gf_clear gf_clear_complex'><\/div>\n                            <\/div><\/li><li id=\"field_3_3\"  class=\"gfield field_sublabel_below field_description_below gfield_visibility_visible\"  data-js-reload=\"field_3_3\"><label class='gfield_label' for='input_3_3' >Pr\u00e9tentions salariales<\/label><div class='ginput_container ginput_container_text'><input name='input_3' id='input_3_3' type='text' value='' class='medium'  aria-describedby=\"gfield_description_3_3\"    aria-invalid=\"false\"   \/> <\/div><div class='gfield_description' id='gfield_description_3_3'>(brut annuel en euros)<\/div><\/li><li id=\"field_3_10\"  class=\"gfield gfield_contains_required field_sublabel_below field_description_below gfield_visibility_visible\"  data-js-reload=\"field_3_10\"><label class='gfield_label' for='input_3_10' >fichier joint<span class=\"gfield_required\"><span class=\"gfield_required gfield_required_asterisk\">*<\/span><\/span><\/label><div class='ginput_container ginput_container_fileupload'><input type='hidden' name='MAX_FILE_SIZE' value='52428800' \/><input name='input_10' id='input_3_10' type='file' class='medium' aria-describedby=\"gfield_upload_rules_3_10\" onchange='javascript:gformValidateFileSize( this, 52428800 );'  \/><span class='gform_fileupload_rules' id='gfield_upload_rules_3_10'>Types de fichiers accept\u00e9s\u00a0: pdf, rtf, jpg, Taille max. des fichiers\u00a0: 50 MB.<\/span><div class='validation_message validation_message--hidden-on-empty' id='live_validation_message_3_10'><\/div><\/div><\/li><li id=\"field_3_12\"  class=\"gfield gfield_contains_required field_sublabel_below field_description_below gfield_visibility_visible\"  data-js-reload=\"field_3_12\"><label class='gfield_label' for='input_3_12' >Message<span class=\"gfield_required\"><span class=\"gfield_required gfield_required_asterisk\">*<\/span><\/span><\/label><div class='ginput_container ginput_container_textarea'><textarea name='input_12' id='input_3_12' class='textarea medium'     aria-required=\"true\" aria-invalid=\"false\"   rows='10' cols='50'><\/textarea><\/div><\/li><\/ul><\/div>\n        <div class='gform_footer top_label'> <input type='submit' id='gform_submit_button_3' class='gform_button button' value='Envoyer'  onclick='if(window[\"gf_submitting_3\"]){return false;}  if( !jQuery(\"#gform_3\")[0].checkValidity || jQuery(\"#gform_3\")[0].checkValidity()){window[\"gf_submitting_3\"]=true;}  ' onkeypress='if( event.keyCode == 13 ){ if(window[\"gf_submitting_3\"]){return false;} if( !jQuery(\"#gform_3\")[0].checkValidity || jQuery(\"#gform_3\")[0].checkValidity()){window[\"gf_submitting_3\"]=true;}  jQuery(\"#gform_3\").trigger(\"submit\",[true]); }' \/> \n            <input type='hidden' class='gform_hidden' name='is_submit_3' value='1' \/>\n            <input type='hidden' class='gform_hidden' name='gform_submit' value='3' \/>\n            \n            <input type='hidden' class='gform_hidden' name='gform_unique_id' value='' \/>\n            <input type='hidden' class='gform_hidden' name='state_3' value='WyJbXSIsIjdmNmJjNGYxMGEzZWFkYTZlMjhiMjU5ZTYzMjQzM2FiIl0=' \/>\n            <input type='hidden' class='gform_hidden' name='gform_target_page_number_3' id='gform_target_page_number_3' value='0' \/>\n            <input type='hidden' class='gform_hidden' name='gform_source_page_number_3' id='gform_source_page_number_3' value='1' \/>\n            <input type='hidden' name='gform_field_values' value='' \/>\n            \n        <\/div>\n                        <p style=\"display: none !important;\" class=\"akismet-fields-container\" data-prefix=\"ak_\"><label>&#916;<textarea name=\"ak_hp_textarea\" cols=\"45\" rows=\"8\" maxlength=\"100\"><\/textarea><\/label><input type=\"hidden\" id=\"ak_js_1\" name=\"ak_js\" value=\"225\"\/><script>document.getElementById( \"ak_js_1\" ).setAttribute( \"value\", ( new Date() ).getTime() );<\/script><\/p><\/form>\n                        <\/div>\n","protected":false},"excerpt":{"rendered":"<p> [&#8230;]<\/p>\n<p><a class=\"btn btn-secondary understrap-read-more-link\" href=\"https:\/\/www.groupebayard.com\/fr\/candidature-spontanee\/\">Lire la suite&#8230;<\/a><\/p>\n","protected":false},"author":7,"featured_media":0,"parent":0,"menu_order":0,"comment_status":"closed","ping_status":"closed","template":"","meta":[],"acf":[],"_links":{"self":[{"href":"https:\/\/www.groupebayard.com\/fr\/wp-json\/wp\/v2\/pages\/3000"}],"collection":[{"href":"https:\/\/www.groupebayard.com\/fr\/wp-json\/wp\/v2\/pages"}],"about":[{"href":"https:\/\/www.groupebayard.com\/fr\/wp-json\/wp\/v2\/types\/page"}],"author":[{"embeddable":true,"href":"https:\/\/www.groupebayard.com\/fr\/wp-json\/wp\/v2\/users\/7"}],"replies":[{"embeddable":true,"href":"https:\/\/www.groupebayard.com\/fr\/wp-json\/wp\/v2\/comments?post=3000"}],"version-history":[{"count":2,"href":"https:\/\/www.groupebayard.com\/fr\/wp-json\/wp\/v2\/pages\/3000\/revisions"}],"predecessor-version":[{"id":3002,"href":"https:\/\/www.groupebayard.com\/fr\/wp-json\/wp\/v2\/pages\/3000\/revisions\/3002"}],"wp:attachment":[{"href":"https:\/\/www.groupebayard.com\/fr\/wp-json\/wp\/v2\/media?parent=3000"}],"curies":[{"name":"wp","href":"https:\/\/api.w.org\/{rel}","templated":true}]}}