{"id":259,"date":"2018-03-29T11:19:54","date_gmt":"2018-03-29T09:19:54","guid":{"rendered":"https:\/\/www.groupebayard.com\/?page_id=259"},"modified":"2025-10-27T17:35:26","modified_gmt":"2025-10-27T16:35:26","slug":"nos-implantations","status":"publish","type":"page","link":"https:\/\/www.groupebayard.com\/fr\/decouvrir-bayard\/nos-implantations\/","title":{"rendered":"Nos implantations"},"content":{"rendered":"<p class=\"texte\"><img decoding=\"async\" class=\"alignnone size-full wp-image-719 img-fluid\" src=\"https:\/\/www.groupebayard.com\/wp-content\/uploads\/carte-implantations-2022.png\" alt=\"Carte des implantations Bayard\" width=\"1247\" height=\"733\" \/><\/p>\n<h2>Un r\u00e9seau international de cr\u00e9ation<\/h2>\n<div class=\"titre-article\"><h4 class=\"text-info mb-0\">FRANCE<\/h4><span class=\"ligne30\"><\/span><\/div>\n<div class=\"row mb-5\">\n<div class=\"col-md-4\">\n<p><strong>Bayard Media D\u00e9veloppement<\/strong><br \/>\n15, boulevard Gabriel P\u00e9ri<br \/>\n92240 Malakoff<br \/>\nFrance<br \/>\nT\u00e9l. 01 74 31 60 60<br \/>\n<a title=\"Site groupeBayard\" href=\"#\">www.groupebayard.com<\/a><\/p>\n<p><strong>Milan Presse &amp; \u00c9ditions Milan<\/strong><br \/>\nPavillon 3<br \/>\n1 Rond-Point du G\u00e9n\u00e9ral Eisenhower<br \/>\n31101 Toulouse<br \/>\n<a title=\"Milan Presse\" href=\"https:\/\/www.milanpresse.com\/\">www.milanpresse.com<\/a><br \/>\n<a title=\"Milan Editions\" href=\"https:\/\/www.editionsmilan.com\/\">www.editionsmilan.com<\/a><\/p>\n<p><strong>ADF-Bayard Musique<\/strong><br \/>\n23 rue de la Houssaye &#8211; Saint Laurent du Mottay<br \/>\n49410 Mauges-sur-Loire<br \/>\n<a title=\"Bayard Musique\" href=\"https:\/\/www.bayardmusique.com\">www.bayardmusique.com<\/a><\/p>\n<\/div>\n<div class=\"col-md-4\"><strong>Bayard Service<\/strong><br \/>\n<a title=\"Bayard Service\" href=\"https:\/\/www.bayard-service.com\/\">www.bayard-service.com<\/a><br \/>\nTel. 03 20 13 36 60<br \/>\n<em>Bureau de Villeneuve d&rsquo;Asq<\/em><br \/>\n23 rue de la performance<br \/>\n59650 Villeneuve d&rsquo;Ascq<\/p>\n<p><em>Bureau de Rennes<\/em><br \/>\n27 B boulevard Solf\u00e9rino<br \/>\n35000 Rennes<\/p>\n<p><em>Bureau de Chamb\u00e9ry<\/em><br \/>\nMaison dioc\u00e9saine de Chamb\u00e9ry<br \/>\n2 place Cardinal Garrone,<br \/>\n73000 Chamb\u00e9ry<\/p>\n<p><strong>BIPEL &#8211; Agence de voyages et de p\u00e9lerinages<\/strong><br \/>\n<em>Bureau de Rennes<\/em><br \/>\n27 B boulevard Solf\u00e9rino<br \/>\n35000 Rennes<br \/>\nT\u00e9l. 02 99 30 58 28<\/p>\n<\/div>\n<div class=\"col-md-4\">\n<p><em>Bureau de Paris<\/em><br \/>\n24 rue des Tanneries<br \/>\n75013 Paris<br \/>\nT\u00e9l. 01 45 55 47 52<br \/>\n<a title=\"Site BIPEL\" href=\"https:\/\/www.bipel.com\">www.bipel.com<\/a><\/p>\n<p><strong>Soci\u00e9t\u00e9 d&rsquo;\u00c9dition de Revues (SER)<\/strong><br \/>\n14, rue d&rsquo;Assas<br \/>\n75006 Paris<br \/>\nFrance<br \/>\n<a title=\"Site SER\" href=\"https:\/\/www.revue-etudes.com\">www.revue-etudes.com<\/a><br \/>\n<a title=\"Site SER\" href=\"https:\/\/www.revue-christus.com\">www.revue-christus.com<\/a><\/p>\n<p><strong>Les Talents d&rsquo;Alphonse<\/strong><br \/>\n15, boulevard Gabriel P\u00e9ri<br \/>\n92240 Malakoff<br \/>\nFrance<br \/>\n<a title=\"Site Les Talents d'Alphonse\" href=\"https:\/\/lestalentsdalphonse.com\">lestalentsdalphonse.com<\/a><\/p>\n<p><strong>Parcours Alphonse<\/strong><br \/>\n59, rue de Ponthieu<br \/>\nBureau 326<br \/>\n75008 Paris<br \/>\nFrance<br \/>\n<a title=\"Site Les Talents d'Alphonse\" href=\"https:\/\/lestalentsdalphonse.com\">lestalentsdalphonse.com<\/a><\/p>\n<\/div>\n<\/div>\n<div class=\"titre-article\"><h4 class=\"text-info mb-0\">INTERNATIONAL<\/h4><span class=\"ligne30\"><\/span><\/div>\n<div class=\"row pt-4\">\n<div class=\"col-md-4\">\n<h4>BELGIQUE<\/h4>\n<p><strong>Bayard Belgique<\/strong><br \/>\nDa Vincilaan 1<br \/>\nAramis Building<br \/>\n1930 Zaventem<br \/>\n<a title=\"Bayard Belgique\" href=\"https:\/\/www.bayardmilan.be\/fr\/abonnements\">www.bayardmilan.be<\/a><\/p>\n<h4>ALLEMAGNE<\/h4>\n<p><strong>Sailer Verlag GmbH &amp; Co.KG<\/strong><br \/>\nJohann Michael<br \/>\nLina-Ammon-Str.30<br \/>\n90741 N\u00fcrnberg<br \/>\nT\u00e9l. 49 911 660 01 0<br \/>\n<a title=\"Sailer Verlag\" href=\"https:\/\/www.sailer-verlag.de\/\">www.sailer-verlag.de<\/a><\/p>\n<h4>ESPAGNE<\/h4>\n<p><strong>Bayard Revistas<\/strong><br \/>\nCalle Alcala 261-265<br \/>\nEdificio 4<br \/>\n28027 Madrid<br \/>\nT\u00e9l. 34 91 405 70 10<br \/>\n<a title=\"Bayard Revistas\" href=\"https:\/\/www.bayard-revistas.com\/\">www.bayard-revistas.com<\/a><\/p>\n<\/div>\n<div class=\"col-md-4\">\n<h4>CANADA<\/h4>\n<p><strong>Bayard Presse Canada<\/strong><br \/>\n4475, rue Frontenac<br \/>\nMontr\u00e9al Qc H2H2S2<br \/>\nT\u00e9l. 1 514 844 21 11<br \/>\n<a href=\"https:\/\/www.bayardcanada.ca\/\">www.bayardcanada.ca<\/a><\/p>\n<h4>\u00c9TATS-UNIS<\/h4>\n<p><strong>Bayard, Inc.<\/strong><br \/>\nAssumption University<br \/>\n500 Salisbury Street<br \/>\nLa Maison, Room 304<br \/>\nWorcester, MA 01609<\/p>\n<p>T\u00e9l. (860) 437-3012<br \/>\n<a href=\"https:\/\/www.bayardinc.com\/\" target=\"_blank\" rel=\"noopener\">https:\/\/www.bayardinc.com\/<\/a><\/p>\n<\/div>\n<div class=\"col-md-4\">\n<h4>AFRIQUE<\/h4>\n<p><strong>Bayard Afrique<\/strong><br \/>\nCocody Riviera 3<br \/>\n08BP2469<br \/>\nAbidjan 08<br \/>\nC\u00d4TE D\u2019IVOIRE<\/p>\n<h4>ASIE<\/h4>\n<p><strong> Bayard Presse Asie<\/strong><br \/>\nRoom 8.9F<br \/>\nBlock A Hong Kong Industrial Center<br \/>\n489-491 Castle Peak Road<br \/>\nCheung Sha Wan Kowloon<br \/>\nHONG-KONG<\/p>\n<\/div>\n<\/div>\n","protected":false},"excerpt":{"rendered":"<p>Un r\u00e9seau international de cr\u00e9ation Bayard Media D\u00e9veloppement 15, boulevard Gabriel P\u00e9ri 92240 Malakoff France T\u00e9l. 01 74 31 60 60 www.groupebayard.com Milan Presse &amp; \u00c9ditions Milan Pavillon 3 1 Rond-Point du G\u00e9n\u00e9ral Eisenhower 31101 Toulouse www.milanpresse.com www.editionsmilan.com ADF-Bayard Musique 23 rue de la Houssaye &#8211; Saint Laurent du Mottay 49410 Mauges-sur-Loire www.bayardmusique.com Bayard Service www.bayard-service.com Tel. 03 20 13 36 60 Bureau de Villeneuve d&rsquo;Asq 23 rue de la performance 59650 Villeneuve d&rsquo;Ascq Bureau de Rennes 27 B boulevard Solf\u00e9rino 35000 Rennes Bureau de Chamb\u00e9ry Maison dioc\u00e9saine de Chamb\u00e9ry 2 place Cardinal Garrone, 73000 Chamb\u00e9ry BIPEL &#8211; Agence de [&#8230;]<\/p>\n<p><a class=\"btn btn-secondary understrap-read-more-link\" href=\"https:\/\/www.groupebayard.com\/fr\/decouvrir-bayard\/nos-implantations\/\">Lire la suite&#8230;<\/a><\/p>\n","protected":false},"author":4,"featured_media":2101,"parent":2,"menu_order":2,"comment_status":"closed","ping_status":"closed","template":"","meta":[],"acf":[],"_links":{"self":[{"href":"https:\/\/www.groupebayard.com\/fr\/wp-json\/wp\/v2\/pages\/259"}],"collection":[{"href":"https:\/\/www.groupebayard.com\/fr\/wp-json\/wp\/v2\/pages"}],"about":[{"href":"https:\/\/www.groupebayard.com\/fr\/wp-json\/wp\/v2\/types\/page"}],"author":[{"embeddable":true,"href":"https:\/\/www.groupebayard.com\/fr\/wp-json\/wp\/v2\/users\/4"}],"replies":[{"embeddable":true,"href":"https:\/\/www.groupebayard.com\/fr\/wp-json\/wp\/v2\/comments?post=259"}],"version-history":[{"count":62,"href":"https:\/\/www.groupebayard.com\/fr\/wp-json\/wp\/v2\/pages\/259\/revisions"}],"predecessor-version":[{"id":150554,"href":"https:\/\/www.groupebayard.com\/fr\/wp-json\/wp\/v2\/pages\/259\/revisions\/150554"}],"up":[{"embeddable":true,"href":"https:\/\/www.groupebayard.com\/fr\/wp-json\/wp\/v2\/pages\/2"}],"wp:featuredmedia":[{"embeddable":true,"href":"https:\/\/www.groupebayard.com\/fr\/wp-json\/wp\/v2\/media\/2101"}],"wp:attachment":[{"href":"https:\/\/www.groupebayard.com\/fr\/wp-json\/wp\/v2\/media?parent=259"}],"curies":[{"name":"wp","href":"https:\/\/api.w.org\/{rel}","templated":true}]}}