{"id":16,"date":"2017-12-13T13:48:13","date_gmt":"2017-12-13T13:48:13","guid":{"rendered":"https:\/\/www.groupebayard.com\/?page_id=16"},"modified":"2025-05-27T11:59:01","modified_gmt":"2025-05-27T09:59:01","slug":"contact","status":"publish","type":"page","link":"https:\/\/www.groupebayard.com\/fr\/contact\/","title":{"rendered":"Nous contacter"},"content":{"rendered":"<div class=\"row py-5\">\n<div class=\"titre-article\"><h4 class=\"text-info mb-0\">Pour contacter le service Client<\/h4><span class=\"ligne30\"><\/span><\/div>\n<div class=\"col-12 pb-3\"><span style=\"color: #ffffff;\">n<\/span><br \/>\n<div class=\"titre-article\"><h4 class=\"text-info mb-0\">Bayard Jeunesse<\/h4><span class=\"ligne30\"><\/span><\/div><\/div>\n<div class=\"col-md-6\">Contactez le Service Client Bayard Jeunesse par mail<br \/>\n<a href=\"https:\/\/forms.bayard.io\/contact\/bayard-jeunesse\/\">Cliquez ici pour acc\u00e9der au formulaire de contact<\/a><\/div>\n<div class=\"col-md-6\">T\u00e9l : 01 74 31 15 06<br \/>\n<i>(du lundi au vendredi de 8h30 \u00e0 19h00, appel non surtax\u00e9)<\/i><\/div>\n<div><\/div>\n<div class=\"col-12 pb-3\"><span style=\"color: #ffffff;\">n<\/span><br \/>\n<div class=\"titre-article\"><h4 class=\"text-info mb-0\">Milan<\/h4><span class=\"ligne30\"><\/span><\/div><\/div>\n<div class=\"col-md-6\">Contactez le Service Client Milan par mail<br \/>\n<a href=\"https:\/\/forms.bayard.io\/contact\/milan\/\">Cliquez ici pour acc\u00e9der au formulaire de contact<\/a><\/div>\n<div class=\"col-md-6\">T\u00e9l : 05 67 80 50 00<br \/>\n<i>(du lundi au vendredi de 8h30 \u00e0 19h, appel non surtax\u00e9)<\/i><\/div>\n<div><\/div>\n<div class=\"col-12 pb-3\"><span style=\"color: #ffffff;\">n<\/span><br \/>\n<div class=\"titre-article\"><h4 class=\"text-info mb-0\">La Croix<\/h4><span class=\"ligne30\"><\/span><\/div><\/div>\n<div class=\"col-md-6\">Contactez le Service Client La Croix par mail<br \/>\n<a href=\"https:\/\/forms.bayard.io\/contact\/bayard\/\">Cliquez ici pour acc\u00e9der au formulaire de contact<\/a><\/div>\n<div class=\"col-md-6\">T\u00e9l : 01 74 31 15 02<br \/>\n<i>(du lundi au vendredi de 8h30 \u00e0 19h, appel non surtax\u00e9)<\/i><\/div>\n<div><\/div>\n<div class=\"col-12 pb-3\"><span style=\"color: #ffffff;\">n<\/span><br \/>\n<div class=\"titre-article\"><h4 class=\"text-info mb-0\">Prions en \u00c9glise, Les Fiches Dominicales, Le P\u00e8lerin, Le Monde de la Bible<\/h4><span class=\"ligne30\"><\/span><\/div><\/div>\n<div class=\"col-md-6\">Contactez le Service Client de Prions en \u00c9glise, Les Fiches Dominicales, Le P\u00e8lerin, Le Monde de la Bible par mail<br \/>\n<a href=\"https:\/\/forms.bayard.io\/contact\/bayard\/\">Cliquez ici pour acc\u00e9der au formulaire de contact<\/a><\/div>\n<div class=\"col-md-6\">T\u00e9l : 01 74 31 15 01<br \/>\n<i>(du lundi au vendredi de 8h30 \u00e0 19h, appel non surtax\u00e9)<\/i><\/div>\n<div><\/div>\n<div class=\"col-12 pb-3\"><span style=\"color: #ffffff;\">n<\/span><br \/>\n<div class=\"titre-article\"><h4 class=\"text-info mb-0\">Notre temps<\/h4><span class=\"ligne30\"><\/span><\/div><\/div>\n<div class=\"col-md-6\">Contactez le Service Client Notre Temps par mail<br \/>\n<a href=\"https:\/\/forms.bayard.io\/contact\/bayard-senior\/\">Cliquez ici pour acc\u00e9der au formulaire de contact<\/a><\/div>\n<div class=\"col-md-6\">T\u00e9l : 01 74 31 15 03<br \/>\n<i>(du lundi au vendredi de 8h30 \u00e0 19h, appel non surtax\u00e9)<\/i><\/div>\n<\/div>\n<div class=\"titre-article\"><h4 class=\"text-info mb-0\">Manuscrits \/ illustrations :<\/h4><span class=\"ligne30\"><\/span><\/div>\n<p class=\"texte\">Vous \u00eates auteur ou illustrateur et vous souhaitez <a href=\"https:\/\/www.bayard-editions.com\/contacts\/vous-etes-auteur\/\">proposer un texte ou des illustrations.<\/a><\/p>\n<div class=\"titre-article\"><h4 class=\"text-info mb-0\">Protection des donn\u00e9es personnelles<\/h4><span class=\"ligne30\"><\/span><\/div>\n<p>Pour toute question relative au traitement de vos donn\u00e9es personnelles, \u00e0 la loi Informatique et Libert\u00e9s ou au RGPD\u00a0:<br \/>\n<a href=\"https:\/\/www.groupebayard.com\/fr\/contact\/contactez-notre-dpo\/\">Contactez le D\u00e9l\u00e9gu\u00e9 \u00e0 la Protection des Donn\u00e9es du groupe (DPO).<\/a><\/p>\n<p>Pour toute autre question merci de renseigner le formulaire ci-dessous :<br \/>\n<strong>Aucune demande de lots ne pourra \u00eatre prise en compte. <\/strong><\/p>\n","protected":false},"excerpt":{"rendered":"<p>n Contactez le Service Client Bayard Jeunesse par mail Cliquez ici pour acc\u00e9der au formulaire de contact T\u00e9l : 01 74 31 15 06 (du lundi au vendredi de 8h30 \u00e0 19h00, appel non surtax\u00e9) n Contactez le Service Client Milan par mail Cliquez ici pour acc\u00e9der au formulaire de contact T\u00e9l : 05 67 80 50 00 (du lundi au vendredi de 8h30 \u00e0 19h, appel non surtax\u00e9) n Contactez le Service Client La Croix par mail Cliquez ici pour acc\u00e9der au formulaire de contact T\u00e9l : 01 74 31 15 02 (du lundi au vendredi de 8h30 \u00e0 [&#8230;]<\/p>\n<p><a class=\"btn btn-secondary understrap-read-more-link\" href=\"https:\/\/www.groupebayard.com\/fr\/contact\/\">Lire la suite&#8230;<\/a><\/p>\n","protected":false},"author":4,"featured_media":2107,"parent":0,"menu_order":0,"comment_status":"closed","ping_status":"closed","template":"","meta":[],"acf":[],"_links":{"self":[{"href":"https:\/\/www.groupebayard.com\/fr\/wp-json\/wp\/v2\/pages\/16"}],"collection":[{"href":"https:\/\/www.groupebayard.com\/fr\/wp-json\/wp\/v2\/pages"}],"about":[{"href":"https:\/\/www.groupebayard.com\/fr\/wp-json\/wp\/v2\/types\/page"}],"author":[{"embeddable":true,"href":"https:\/\/www.groupebayard.com\/fr\/wp-json\/wp\/v2\/users\/4"}],"replies":[{"embeddable":true,"href":"https:\/\/www.groupebayard.com\/fr\/wp-json\/wp\/v2\/comments?post=16"}],"version-history":[{"count":52,"href":"https:\/\/www.groupebayard.com\/fr\/wp-json\/wp\/v2\/pages\/16\/revisions"}],"predecessor-version":[{"id":150445,"href":"https:\/\/www.groupebayard.com\/fr\/wp-json\/wp\/v2\/pages\/16\/revisions\/150445"}],"wp:featuredmedia":[{"embeddable":true,"href":"https:\/\/www.groupebayard.com\/fr\/wp-json\/wp\/v2\/media\/2107"}],"wp:attachment":[{"href":"https:\/\/www.groupebayard.com\/fr\/wp-json\/wp\/v2\/media?parent=16"}],"curies":[{"name":"wp","href":"https:\/\/api.w.org\/{rel}","templated":true}]}}