{"id":975,"date":"2018-09-10T16:50:03","date_gmt":"2018-09-10T14:50:03","guid":{"rendered":"https:\/\/www.groupebayard.com\/?page_id=975"},"modified":"2023-07-04T17:18:51","modified_gmt":"2023-07-04T15:18:51","slug":"events","status":"publish","type":"page","link":"https:\/\/www.groupebayard.com\/en\/explore-our-activities\/events\/","title":{"rendered":"Events"},"content":{"rendered":"<div class=\"titre-article mt-4 mb-2\">\n<h2 class=\"text-info\">Selection of vacations and leisure activities for families with children<\/h2>\n<p class=\"texte\">Vacations are an important time to recharge your batteries as a family, after the rush of the school year. Now you can extend the experience of reading together as a family, and the beautiful memories it leaves behind, thanks to a selection of trips and activities offered by Bayard Jeunesse! Each proposal is based on the editorial project of one of Bayard Jeunesse&#8217;s magazines, with a partner selected by them.<br \/>\n<div class=\"titre-article py-0 my-0\"><h6 class=\"text-info py-0 my-0\">Escape games<\/h6><\/div><\/p>\n<p>&nbsp;<\/p>\n<div class=\"row mb-4\">\n<div class=\"col-md-4 pb-3\"><img decoding=\"async\" class=\"img-fluid\" src=\"https:\/\/www.bayard-jeunesse.com\/infos\/wp-content\/uploads\/2022\/06\/LOI-ART-Escape-game-Anatole-Latuile-Paris.jpg\" alt=\"\" \/><\/div>\n<div class=\"col-md-8\">\n<span class=\"text-primary\">Anatole Latuile<\/span>\n<p>Anatole Latuile, the hero of J&#8217;aime lire and the albums published by BD Kids, has had his own escape game room since 2020. An experience for both the initiated and the uninitiated.<br \/>\nAnatole, 9, makes one blunder after another at a furious pace. Somewhere between Petit Nicolas and Gaston Lagaffe, his boisterous, inventive and transgressive universe appeals to young and old alike. This game is for anyone who loves comics, humor and impertinence.<\/p>\n<p><a href=\"https:\/\/kairos-escapegame.com\/anatole-latuile\/\">To the Paris escape game website.<\/a><br \/>\n<a href=\"https:\/\/www.john-doe.fr\/nantes\/anatole-latuile-nantes\/\">To the Nantes escape game website.<\/a><br \/>\n<a href=\"https:\/\/www.bayard-jeunesse.com\/infos\/vacances-famille\/\">To the Bayard Jeunesse website.<\/a><\/p>\n<\/div>\n<\/div>\n<div class=\"row mb-4\">\n<div class=\"col-md-4 pb-3\"><img decoding=\"async\" class=\"img-fluid\" src=\"https:\/\/kairos-escapegame.com\/wp-content\/uploads\/2022\/10\/fete-v2-1024x557.jpg\" alt=\"\" \/><\/div>\n<div class=\"col-md-8\">\n<span class=\"text-primary\">Tom-Tom et Nana<\/span>\n<p>Based on the iconic comic strip, this escape game allows today&#8217;s children to (re)discover the whimsical world of Tom-Tom and Nana, while giving older children the nostalgic pleasure of returning to childhood. A thrilling adventure for the whole family&#8230; or just the grown-ups!<\/p>\n<p><a href=\"https:\/\/www.bayard-jeunesse.com\/infos\/vacances-famille\/tom-tom-et-nana-escape-game\/\">To the Bayard Jeunesse website.<\/a><br \/>\n<a href=\"https:\/\/kairos-escapegame.com\/tom-tom-et-nana-et-le-carnet-a-secrets\/\">To the escape game website (Paris).<\/a><\/p>\n<\/div>\n<\/div>\n<div class=\"titre-article py-0 my-0\"><h6 class=\"text-info py-0 my-0\">Travels<\/h6><\/div>\n<p>Meet the Greek gods and heroes, travel to the Middle Ages, discover Iceland, themed holidays&#8230; Bayard Jeunesse offers a range of school vacation trips for children, camps and families!<\/p>\n<p><a href=\"https:\/\/www.bayard-jeunesse.com\/infos\/vacances-famille\/\">Discover Bayard Jeunesse&#8217;s travels<\/a>.<\/p>\n<div class=\"titre-article mt-4 mb-2\">\n<h2 class=\"text-info\">Terre Sauvage Festival<\/h2>\n<div class=\"row mb-4\">\n<div class=\"col-md-4 pb-3\"><img decoding=\"async\" class=\"img-fluid\" src=\"https:\/\/www.terre-sauvage.com\/festival-terre-sauvage\/un-programme-dexception\/affichets-festivala4-2023-web.jpg\" alt=\"\" \/><\/div>\n<div class=\"col-md-8\">\n<p>In 2021, Terre sauvage and its partners set themselves a challenge as crazy as it is exhilarating: the creation of a multi-disciplinary festival that would bring together those who share a passion for nature and marvel at its beauty. It takes place every 2 years in N\u00e9vache, in the heart of the Clar\u00e9e valley.<\/p>\n<p>With exhibitions, film screenings, shows, conferences, concerts and a host of workshops for young and old, the Terre Sauvage Festival offers a wide-ranging and beautiful program that will move bodies and minds alike, while respecting the magnificent natural setting offered by the Clar\u00e9e valley!<\/p>\n<p><a href=\"https:\/\/www.terre-sauvage.com\/festival-terre-sauvage\">To the Terre Sauvage website.<\/a><\/p>\n<\/div>\n<\/div>\n<h2 class=\"text-info\">Via Aeterna &#8211; Mont-Saint-Michel and its Bay Music Festival<\/h2>\n<\/div>\n<div class=\"row mb-4\">\n<div class=\"col-md-4 pb-3\"><img decoding=\"async\" class=\"img-fluid\" src=\"https:\/\/www.groupebayard.com\/wp-content\/uploads\/evenements-bayard-via-aeterna.png\" alt=\"\" \/><\/div>\n<div class=\"col-md-8\">\n<p>In partnership with the Conseil d\u00e9partemental de la Manche, the Centre des monuments nationaux and Ren\u00e9 Martin&#8217;s CREA (the mastermind behind La Folle Journ\u00e9e de Nantes and artistic director of the festival), Bayard created the Mont-Saint-Michel and Bay Music Festival in 2017. Ensembles whose music traces the history of the site, from the Middle Ages to the present day, come from all over the world for this event.<\/p>\n<p>The festival (September) takes place over the first three days in twelve towns in the Manche region: Avranches, Ardevon, Br\u00e9ville-sur-Mer, Carolles, Fleury, Gen\u00eats, Granville, La Lucerne d&#8217;Outremer, Mortain-Bocage, Pontorson , Saint-Pair-sur-Mer, Villedieu-les-Po\u00eales-Rouffigny. It closes with a musical apotheosis in the exceptional setting of Mont-Saint-Michel Abbey, which opens its doors to the festival for an entire day of music.<\/p>\n<p><a href=\"https:\/\/www.via-aeterna.com\/\">To the Via Aeterna website.<\/a><\/p>\n<p>\u00a9Cr\u00e9dit photo : <em>CIRIC &#8211; Jean-Matthieu Gautier<\/em><\/p>\n<\/div>\n<\/div>\n<div class=\"titre-article mt-4 mb-2\">\n<h2 class=\"text-info\">Grand prix P\u00e8lerin du patrimoine<\/h2>\n<p>&nbsp;<\/p>\n<\/div>\n<div class=\"row mb-4\">\n<div class=\"col-md-4 pb-3\"><img decoding=\"async\" class=\"img-fluid\" src=\"https:\/\/www.groupebayard.com\/wp-content\/uploads\/pelerin-patrimoine-300x210.png\" alt=\"\" \/><\/div>\n<div class=\"col-md-8\">\n<p>Churches, paintings, monuments, murals&#8230; Since 1990, the Grand prix P\u00e8lerin du patrimoine has rewarded nearly 250 projects, spread over some twenty regions, and facilitated the professional installation of a host of young restorers and craftsmen. The aim of the competition is to encourage and support the restoration of France&#8217;s cultural and religious heritage.<\/p>\n<p>&#8220;Heritage is living matter. Tin pipes, fresco pigments and church flagstones tell human stories. In the heart of the stones beats much of our own. To neglect the value of the past, to let its memory fade, is to run the risk of extinguishing ourselves too. Conversely, saving a work of art from oblivion connects us and invigorates us.&#8221; Catherine Lalanne, editor-in-chief of <em>Le P\u00e8lerin<\/em>.<\/p>\n<p><a href=\"https:\/\/www.lepelerin.com\/Histoire-Patrimoine\/Le-grand-Prix-Pelerin-du-patrimoine\/Le-grand-Prix-Pelerin-du-patrimoine-de-A-a-Z\/Le-reglement-du-Grand-Prix-Pelerin-du-Patrimoine\">Click here for the rules of the Grand prix P\u00e8lerin du Patrimoine.<\/a><\/p>\n<\/div>\n<\/div>\n<div class=\"titre-article mt-4 mb-2\">\n<h2 class=\"text-info\">Les H\u00e9ros de Notre Temps<\/h2>\n<p>&nbsp;<\/p>\n<\/div>\n<div class=\"row mb-4\">\n<div class=\"col-md-4 pb-3\"><img decoding=\"async\" class=\"img-fluid\" src=\"https:\/\/www.groupebayard.com\/wp-content\/uploads\/heros-notre-temps.png\" alt=\"\" \/><\/div>\n<div class=\"col-md-8\">\n<p>In 2011, Notre Temps created the &#8220;H\u00e9ros de Notre Temps&#8221; award, which each year recognizes five associations and one innovative company from the <em>silver<\/em> economy.<br \/>\nMade up of former prizewinners and journalists from the editorial team, the jury spotlights committed, humanist associations that are recognized in their field, but often little known to the general public. With limited means, but a great deal of passion, these men and women change lives. They are the ordinary heroes that Notre Temps likes to support and reward. Aimed at all generations and in a variety of fields, their actions are likely to inspire readers to take action.\n<\/div>\n<\/div>\n<\/div>\n","protected":false},"excerpt":{"rendered":"<p>Selection of vacations and leisure activities for families with children Vacations are an important time to recharge your batteries as a family, after the rush of the school year. Now you can extend the experience of reading together as a family, and the beautiful memories it leaves behind, thanks to a selection of trips and activities offered by Bayard Jeunesse! Each proposal is based on the editorial project of one of Bayard Jeunesse&#8217;s magazines, with a partner selected by them. &nbsp; Anatole Latuile, the hero of J&#8217;aime lire and the albums published by BD Kids, has had his own escape [&#8230;]<\/p>\n<p><a class=\"btn btn-secondary understrap-read-more-link\" href=\"https:\/\/www.groupebayard.com\/en\/explore-our-activities\/events\/\">Read More&#8230;<\/a><\/p>\n","protected":false},"author":4,"featured_media":1695,"parent":934,"menu_order":7,"comment_status":"closed","ping_status":"closed","template":"","meta":[],"acf":[],"_links":{"self":[{"href":"https:\/\/www.groupebayard.com\/en\/wp-json\/wp\/v2\/pages\/975"}],"collection":[{"href":"https:\/\/www.groupebayard.com\/en\/wp-json\/wp\/v2\/pages"}],"about":[{"href":"https:\/\/www.groupebayard.com\/en\/wp-json\/wp\/v2\/types\/page"}],"author":[{"embeddable":true,"href":"https:\/\/www.groupebayard.com\/en\/wp-json\/wp\/v2\/users\/4"}],"replies":[{"embeddable":true,"href":"https:\/\/www.groupebayard.com\/en\/wp-json\/wp\/v2\/comments?post=975"}],"version-history":[{"count":8,"href":"https:\/\/www.groupebayard.com\/en\/wp-json\/wp\/v2\/pages\/975\/revisions"}],"predecessor-version":[{"id":112075,"href":"https:\/\/www.groupebayard.com\/en\/wp-json\/wp\/v2\/pages\/975\/revisions\/112075"}],"up":[{"embeddable":true,"href":"https:\/\/www.groupebayard.com\/en\/wp-json\/wp\/v2\/pages\/934"}],"wp:featuredmedia":[{"embeddable":true,"href":"https:\/\/www.groupebayard.com\/en\/wp-json\/wp\/v2\/media\/1695"}],"wp:attachment":[{"href":"https:\/\/www.groupebayard.com\/en\/wp-json\/wp\/v2\/media?parent=975"}],"curies":[{"name":"wp","href":"https:\/\/api.w.org\/{rel}","templated":true}]}}