{"id":2807,"date":"2018-03-21T15:58:49","date_gmt":"2018-03-21T14:58:49","guid":{"rendered":"https:\/\/www.groupebayard.com\/legal-information\/"},"modified":"2025-02-11T14:51:10","modified_gmt":"2025-02-11T13:51:10","slug":"legal-information","status":"publish","type":"page","link":"https:\/\/www.groupebayard.com\/en\/legal-information\/","title":{"rendered":"Legal information"},"content":{"rendered":"<p class=\"texte\"><span class=\"text-primary\">The groupebayard.com<\/span> webiste belongs to Bayard. Limited company with a board of directors and a supervisory board and share capital of 16.5 million Euros<br \/>\nRCS Nanterre : 542 042 486<br \/>\nIntra-community VAT code: FR 70 542 042 486<br \/>\nRegistered office: 15 boulevard Gabriel P\u00e9ri &#8211; 92240 Malakoff, France<br \/>\nTel: + 33 (0)1 74 31 60 60<\/p>\n<p>Contact page.<\/p>\n<p><span class=\"text-primary\">President and director of the publication:<\/span> Fran\u00e7ois Morini\u00e8re<\/p>\n<p><span class=\"text-primary\">Bayard<\/span>, a press publisher, is a limited company with a board of directors and a supervisory board. The members of the board of directors are <span class=\"text-primary\">Fran\u00e7ois Morini\u00e8re<\/span> (President of the board of directors and director of the publication) and <span class=\"text-primary\">Dominique Greiner<\/span> (managing director). The supervisory board which, in accordance with the law, is responsible for exercising permanent control of management of the Bayard Presse company by means of the board of directors, is chaired by Hubert Chicou. <span class=\"text-primary\">The Congregation of the Augustinians of the Assumption<\/span> holds 93.7% of the Bayard share capital.<\/p>\n<p><span class=\"text-primary\">Address of the website host<\/span><br \/>\nBayard<br \/>\n15 boulevard Gabriel P\u00e9ri<br \/>\n92240 Malakoff<br \/>\nT\u00e9l : +33 (0)1 74 31 60 60<\/p>\n","protected":false},"excerpt":{"rendered":"<p>webiste belongs to Bayard. Limited company with a board of directors and a supervisory board and share capital of 16.5 million Euros RCS Nanterre : 542 042 486 Intra-community VAT code: FR 70 542 042 486 Registered office: 15 boulevard Gabriel P\u00e9ri &#8211; 92240 Malakoff, France Tel: + 33 (0)1 74 31 60 60 Contact page. Fran\u00e7ois Morini\u00e8re , a press publisher, is a limited company with a board of directors and a supervisory board. The members of the board of directors are (President of the board of directors and director of the publication) and (managing director). The supervisory board [&#8230;]<\/p>\n<p><a class=\"btn btn-secondary understrap-read-more-link\" href=\"https:\/\/www.groupebayard.com\/en\/legal-information\/\">Read More&#8230;<\/a><\/p>\n","protected":false},"author":4,"featured_media":2104,"parent":0,"menu_order":0,"comment_status":"closed","ping_status":"closed","template":"","meta":[],"acf":[],"_links":{"self":[{"href":"https:\/\/www.groupebayard.com\/en\/wp-json\/wp\/v2\/pages\/2807"}],"collection":[{"href":"https:\/\/www.groupebayard.com\/en\/wp-json\/wp\/v2\/pages"}],"about":[{"href":"https:\/\/www.groupebayard.com\/en\/wp-json\/wp\/v2\/types\/page"}],"author":[{"embeddable":true,"href":"https:\/\/www.groupebayard.com\/en\/wp-json\/wp\/v2\/users\/4"}],"replies":[{"embeddable":true,"href":"https:\/\/www.groupebayard.com\/en\/wp-json\/wp\/v2\/comments?post=2807"}],"version-history":[{"count":3,"href":"https:\/\/www.groupebayard.com\/en\/wp-json\/wp\/v2\/pages\/2807\/revisions"}],"predecessor-version":[{"id":150370,"href":"https:\/\/www.groupebayard.com\/en\/wp-json\/wp\/v2\/pages\/2807\/revisions\/150370"}],"wp:featuredmedia":[{"embeddable":true,"href":"https:\/\/www.groupebayard.com\/en\/wp-json\/wp\/v2\/media\/2104"}],"wp:attachment":[{"href":"https:\/\/www.groupebayard.com\/en\/wp-json\/wp\/v2\/media?parent=2807"}],"curies":[{"name":"wp","href":"https:\/\/api.w.org\/{rel}","templated":true}]}}